{"id":26,"date":"2022-12-14T15:13:47","date_gmt":"2022-12-14T15:13:47","guid":{"rendered":"https:\/\/milanoportofino.com\/?page_id=26"},"modified":"2026-03-12T08:30:49","modified_gmt":"2026-03-12T08:30:49","slug":"mary-page-site-settings","status":"publish","type":"page","link":"https:\/\/milanoportofino.com\/","title":{"rendered":"Milano-Portofino"},"content":{"rendered":"<p><img decoding=\"async\" src=\"https:\/\/milanoportofino.com\/wp-content\/uploads\/2026\/01\/AnimatedGifHome2026.gif\" \/><\/p>\n<p><!-- --><br \/>\n\tYears0<!--\n--> <\/p>\n<p><!-- --><br \/>\n\tMonths0<!--\n--> <\/p>\n<p><!-- --><br \/>\n\tDays0<!--\n--> <\/p>\n<p><!-- --><br \/>\n\tHrs0<!--\n--> <\/p>\n<p><!-- --><br \/>\n\tMins0<!--\n--> <\/p>\n<p><!-- --><br \/>\n\tSecs0<!--\n--><\/p>\n<p>PartenzaDal Quadrilatero della Moda<\/p>\n<p>Milano <\/p>\n<p>Date8-9-10 Maggio 2026<\/p>\n<p>Tempus Fugit&#8230; Scaldate i Motori!<\/p>\n<p>ArrivoNel Salotto d&#8217;italia<\/p>\n<p>Portofino<\/p>\n<p>Un Evento Stellato!<\/p>\n<p>Alcune parole su quello che \u00e8 diventato un nuovo trend!<br \/>\nOldCar24 in collaborazione con la Scuderia Montenpoleone &#8211; affiliata ACI Storico &#8211; \u00e8 lieta di annunciare ai Gentlemen Friends che ne fanno parte &#8211; e ai nuovi &#8211; la 4\u00b0 edizione della MILANO PORTOFINO 2026.<br \/>\nLe belle auto storiche, che hanno l\u2019avventura nelle ruote, e che si iscriveranno, affronteranno con i relativi equipaggi, il nuovo Programma, che verr\u00e0 presto definito nei dettagli.<br \/>\nCome sempre, sar\u00e0 un evento di alto profilo, esclusivo, una passeggiata nel tempo storico oltre che nel bel paesaggio italiano.<br \/>\nChi partecipa alle nostre manifestazioni sa che desideriamo pi\u00f9 di tutto che rimanga di esse un buon ricordo e il desiderio di rinnovare l\u2019esperienza<\/p>\n<p>dal Teatro alla Scala<br \/>\nA due passi dal Teatro alla Scala, tempio della musica, si apre la scena urbana del lusso che attrae amanti dello shopping da tutto il mondo.<\/p>\n<p>attraverso il suggestivo Piemonte<br \/>\nUn passaggio attraverso i suggestivi percorsi pensati nel nuovo itinerario Piemontese!<\/p>\n<p>Alla Piazzetta di Portofino<br \/>\nGioiello incastonato nel cuore Ligure, meta eletta di vita mondana. La cornice ideale per concludere questo meraviglioso evento!<\/p>\n<p>Iscrizione<\/p>\n<p>Your name<\/p>\n<p>Your email<\/p>\n<p>Subject<\/p>\n<p>Your message (optional)<\/p>\n<p>Mancano<\/p>\n<p><!-- --><br \/>\n\tYears0<!--\n--> <\/p>\n<p><!-- --><br \/>\n\tMonths0<!--\n--> <\/p>\n<p><!-- --><br \/>\n\tDays0<!--\n--> <\/p>\n<p><!-- --><br \/>\n\tHrs0<!--\n--> <\/p>\n<p><!-- --><br \/>\n\tMins0<!--\n--> <\/p>\n<p><!-- --><br \/>\n\tSecs0<!--\n--><\/p>\n<p>Compila la richiesta di iscrizione per non perdere l&#8217;opportunit\u00e0 di partecipare a questo esclusivo evento !<\/p>\n<p>Inserisci la tua email (verr\u00e0 trattata nel rispetto della normativa sulla privacy) e verrai ricontattato per completare la procedura di iscrizione da un nostro collaboratore.<\/p>\n<p>Se lo preferisci, nella sezione Contatti troverai il nostro riferimento telefonico. Chiamaci ed effettueremo assieme le procedure di iscrizione!<\/p>\n<p><img loading=\"lazy\" decoding=\"async\" height=\"100\" src=\"https:\/\/milanoportofino.com\/wp-content\/uploads\/2022\/12\/Mi-PF_whitelogo_trasparente.png\" width=\"200\" \/><\/p>\n<p>A chi si accosta a Portofinosgorgano dalla memoriai ricordi e le emozionipi\u00f9 personaliI versi di Montale imparati a scuolail grande Genovese premio Nobel&#8220;Tra gli scogli parlotta la maretta&#8230;&#8221;&#8220;l&#8217;agave che s&#8217;abbarbica al crepaccio dello scoglio&#8230; &#8220;<\/p>\n<p>\u2014 Per lo shopping di lusso, rivaleggiano ad armi pari Via Monte Napoleone di Milano e la mitica Piazzetta di Portofino \u2014<\/p>\n<p><!-- Elfsight Background Music | Untitled Background Music --><\/p>\n<p>Programma<br \/>\nMilano &#8211; Portofino 8-9-10 Maggio 2026<\/p>\n<p><img decoding=\"async\" src=\"https:\/\/milanoportofino.com\/wp-content\/uploads\/2022\/12\/Mi-PF_whitelogo_trasparente.png\" \/>Una copia del programma verr\u00e0 inviato direttamente agli iscritti via email<\/p>\n<p><img decoding=\"async\" src=\"https:\/\/milanoportofino.com\/wp-content\/uploads\/2023\/10\/hotel-principe-di-savoia.jpg\" \/>8 Maggio 2026 Grand Hotel Principe di Savoia<br \/>\nArrivo dei partecipanti dall\u2019Hotel Principe di Savoia 5 stelle lusso, del quale i nostri Amici gi\u00e0 conoscono l\u2019eleganza eccelsa e il comfort. Come d&#8217;uso la sicurezza \u00e8 garantita dalla magnanimit\u00e0 dell\u2019Arma dei Carabinieri che scorta la carovana.<br \/>\n\u00c8 prevista nel pomeriggio una visita al patrimonio culturale milanese e, in serata, l\u2018immancabile Cena di gala, al segno dell\u2019eleganza e della gioiosa condivisione.<\/p>\n<p><img decoding=\"async\" src=\"https:\/\/milanoportofino.com\/wp-content\/uploads\/2024\/12\/Entrata-Milanoportofino.jpg\" \/>9 Maggio 2026 &#8211; Milano<br \/>\nPartenza ore 9:00<br \/>\nPartenza in direzione, questa volta del Piemonte, per un percorso diverso, panorami nuovi, realt\u00e0 gastronomiche locali ottime. <\/p>\n<p>\u00c8 prevista una sorpresa per le prove di abilit\u00e0 per quanto concerne le location ( top secret) sia al mattino che al pomeriggio!<\/p>\n<p><img decoding=\"async\" src=\"https:\/\/milanoportofino.com\/wp-content\/uploads\/2025\/12\/Bandiera-a-scacchi.jpeg\" \/>Transito in Piemonte<br \/>\nAlle fine delle prove l\u2019arrivo nel Golfo del Tigullio;altri momenti di stupore riserveranno le rinomate localit\u00e0 di levante per altre &#8220;prove al volante&#8221;<\/p>\n<p><img decoding=\"async\" src=\"https:\/\/milanoportofino.com\/wp-content\/uploads\/2025\/12\/piemonte2.jpeg\" \/>9 Maggio 2026 &#8211; Pranzo in localit\u00e0 esclusiva e stellata!<br \/>\nNel pomeriggio arrivo in un raffinato e famoso Hotel 5 stelle con spa, percorso benessere e viaggio multisensoriale, il tutto con vista della &#8220;nostra&#8221; meravigliosa Portofino.<\/p>\n<p><img decoding=\"async\" src=\"https:\/\/milanoportofino.com\/wp-content\/uploads\/2025\/12\/seabynight.jpeg\" \/>9 Maggio 2026 &#8211; Un percorso di gusto<br \/>\nNel tardo Pomeriggio<br \/>\nLa sera, Cena in Hotel a lume di candela, allestita da uno Chef di altissimo livello: una pausa per la gratificazione del gusto, per uno scambio piacevole di impressioni o di ricordi nostalgici, nella calma atmosfera di un ambiente esclusivo per la Scuderia Montenapoleone.<\/p>\n<p><img decoding=\"async\" src=\"https:\/\/milanoportofino.com\/wp-content\/uploads\/2023\/10\/Cracco-copertina.jpeg\" \/>10 Maggio 2026 &#8211; Cracco Portofino<br \/>\nOre9:30\/10:00<br \/>\nEsposizione delle auto d\u2019epoca nella Piazzetta pi\u00f9 famosa del mondo dove il pubblico presente potr\u00e0 valutare il valore dei vari modelli. Quest&#8217;anno si disputer\u00e0 un Concorso d&#8217;Eleganza in piazzetta, denominato &#8220;REGINA di Portofino&#8221;, sar\u00e0 proclamata l&#8217;auto vincitrice della giuria popolare.<\/p>\n<p>Il pranzo come d&#8217;uso sar\u00e0 alle ore 13 da CRACCO, lo Chef stellato di fama internazionale, appassionato di motorismo storico, il quale preparer\u00e0 per noi il suo Men\u00f9 speciale Milano Portofino, da gustare davanti alla visione sublime del Golfo.<\/p>\n<p>A seguire le premiazioni della quarta edizione, con il testimonial d&#8217;eccezione Carlo Cracco dove verrano offerti i gadget esclusivi per i partecipanti &#8211; divenuti oggetti da collezione e, ovviamente, i premi!<\/p>\n<p>Un evento che coinvolge 24 auto d\u2019epocaUn tour tra due poli d\u2019eccellenza ItalianiPassioneAuto StoricheEccellenze ItalianeStoria<\/p>\n<p>\u2014 Location esclusive, eleganza e passione \u2014<\/p>\n<p>Sponsor<br \/>\ne Partners<br \/>\nPartners, sponsors e amatori che hanno amato dal primo minuto questa meravigliosa idea<\/p>\n<p><img decoding=\"async\" src=\"https:\/\/milanoportofino.com\/wp-content\/uploads\/2022\/12\/logo-sbordato-pdf.jpg\" \/><\/p>\n<p><a href=\"https:\/\/www.oldcar24.com\">Visita il nostro sito<\/a><\/p>\n<p>OldCar24<br \/>\nPortale Auto con visibilit\u00e0 Globale<\/p>\n<p><img decoding=\"async\" src=\"https:\/\/milanoportofino.com\/wp-content\/uploads\/2022\/12\/Pear-logo-blu-vettoriale-1-copia.jpg\" \/><\/p>\n<p><a href=\"https:\/\/www.pearinformatica.com\">Visita il nostro sito!<\/a><\/p>\n<p>Pear S.r.l.<br \/>\nInformatica e Sviluppo<\/p>\n<p><img decoding=\"async\" src=\"https:\/\/milanoportofino.com\/wp-content\/uploads\/2025\/01\/scuderia.jpg\" \/><\/p>\n<p><a href=\"https:\/\/scuderiamontenapoleone.com\">Visita il nostro sito!<\/a><\/p>\n<p>Scuderia montenapoleone<br \/>\nIl nuovo punto di riferimento!<\/p>\n<p><img decoding=\"async\" src=\"https:\/\/milanoportofino.com\/wp-content\/uploads\/2022\/12\/logo-2.jpeg\" \/><\/p>\n<p><a href=\"https:\/\/www.casanovamilano.com\">Visita il nostro sito!<\/a><\/p>\n<p>casanova milano<br \/>\nIncontri Immobiliari<\/p>\n<p><img decoding=\"async\" src=\"https:\/\/milanoportofino.com\/wp-content\/uploads\/2024\/04\/cracco.jpg\" \/><\/p>\n<p><a href=\"https:\/\/www.craccoportofino.it\/\">Visita il nostro sito!<\/a><\/p>\n<p>Ristorante Cracco Portofino<br \/>\nUn viaggio tra i profumi e i sapori Liguri reinterpretati dallo Chef Carlo Cracco<\/p>\n<p><img decoding=\"async\" src=\"https:\/\/milanoportofino.com\/wp-content\/uploads\/2023\/11\/Principe.jpeg\" \/><\/p>\n<p><a href=\"https:\/\/www.dorchestercollection.com\/it\/milan\/hotel-principe-di-savoia\">Visita il nostro sito!<\/a><\/p>\n<p>Hotel Principe di savoia<br \/>\n100+ years of history<\/p>\n<p><img decoding=\"async\" src=\"https:\/\/milanoportofino.com\/wp-content\/uploads\/2025\/03\/Rettangolare-pay-off-rosso-pdf.jpg\" \/><\/p>\n<p><a href=\"https:\/\/www.terrediserrapetrona.it\/it\/\">Visita il nostro sito!<\/a><\/p>\n<p>Terre di SERrapetrona<br \/>\nTenuta Stefano Graidi<\/p>\n<p>Patrocini<br \/>\nIl prezioso supporto delle istituzioni per questo evento esclusivo!<\/p>\n<p><img decoding=\"async\" src=\"https:\/\/milanoportofino.com\/wp-content\/uploads\/2023\/02\/portofinoreduced.jpg\" \/><\/p>\n<p>Con il patrocinio<br \/>\ndel comune di Portofino<\/p>\n<p><img decoding=\"async\" src=\"https:\/\/milanoportofino.com\/wp-content\/uploads\/2025\/12\/Acistorico.jpg\" \/><\/p>\n<p><a href=\"https:\/\/www.clubacistorico.it\/index.html?no_cache=1\">Visita il nostro sito!<\/a><\/p>\n<p>Con il patrocinio<br \/>\nACI Storico<\/p>\n<p><img decoding=\"async\" src=\"https:\/\/milanoportofino.com\/wp-content\/uploads\/2023\/03\/logo-reduced-ACI-1.png\" \/><\/p>\n<p><a href=\"https:\/\/milano.aci.it\/\">Visita il nostro sito!<\/a><\/p>\n<p>Con il patrocinio<br \/>\nACI Milano<\/p>\n<p>Le Auto<br \/>\ne le location esclusive!<\/p>\n<p>AllLocationAuto\t\t\t\t<\/p>\n<p><a href=\"\"><\/p>\n<p><img decoding=\"async\" src=\"https:\/\/milanoportofino.com\/wp-content\/uploads\/2022\/12\/quadrilatero-della-moda-e1671448425650.jpeg\" \/><\/p>\n<p>Milano<\/p>\n<p><\/a><br \/>\n\t\t\t\t\t\tMilano<\/p>\n<p><a href=\"\"><\/p>\n<p><img decoding=\"async\" src=\"https:\/\/milanoportofino.com\/wp-content\/uploads\/2022\/12\/image00315.webp\" \/><\/p>\n<p>Portofino<\/p>\n<p><\/a><br \/>\n\t\t\t\t\t\t Portofino<\/p>\n<p><a href=\"\"><\/p>\n<p><img decoding=\"async\" src=\"https:\/\/milanoportofino.com\/wp-content\/uploads\/2024\/03\/1458-MD.jpg\" \/><\/p>\n<p>Vista Portofino<\/p>\n<p><\/a><br \/>\n\t\t\t\t\t\tVista Portofino<\/p>\n<p><a href=\"\"><\/p>\n<p><img decoding=\"async\" src=\"https:\/\/milanoportofino.com\/wp-content\/uploads\/2022\/12\/LP2E2B11E1-7F7F-4B92-AB98-1A2AB1F9C2F7.png\" \/><\/p>\n<p>il Golfo<\/p>\n<p><\/a><br \/>\n\t\t\t\t\t\til Golfo<\/p>\n<p><a href=\"\"><\/p>\n<p><img decoding=\"async\" src=\"https:\/\/milanoportofino.com\/wp-content\/uploads\/2022\/12\/LP200F67F8-109D-401A-8807-5ABFC401E396.png\" \/><\/p>\n<p>Il Duomo<\/p>\n<p><\/a><br \/>\n\t\t\t\t\t\tIl Duomo<\/p>\n<p><a href=\"\"><\/p>\n<p><img decoding=\"async\" src=\"https:\/\/milanoportofino.com\/wp-content\/uploads\/2022\/12\/LPF6F783F7-4077-4F89-AC5C-1E49AC48ABD3.png\" \/><\/p>\n<p>Yacht<\/p>\n<p><\/a><br \/>\n\t\t\t\t\t\tYacht<\/p>\n<p><a href=\"\"><\/p>\n<p><img decoding=\"async\" src=\"https:\/\/milanoportofino.com\/wp-content\/uploads\/2024\/03\/0417-MD.jpg\" \/><\/p>\n<p>Auto<\/p>\n<p><\/a><br \/>\n\t\t\t\t\t\tAuto<\/p>\n<p><a href=\"\"><\/p>\n<p><img decoding=\"async\" src=\"https:\/\/milanoportofino.com\/wp-content\/uploads\/2022\/12\/LP9EE7BCA6-F5E4-4607-B621-D7B2FF5B4D9F.png\" \/><\/p>\n<p>Porticciolo<\/p>\n<p><\/a><br \/>\n\t\t\t\t\t\tPorticciolo<\/p>\n<p><a href=\"\"><\/p>\n<p><img decoding=\"async\" src=\"https:\/\/milanoportofino.com\/wp-content\/uploads\/2024\/03\/0664-MD-e1710779901455.jpg\" \/><\/p>\n<p>Auto<\/p>\n<p><\/a><br \/>\n\t\t\t\t\t\tAuto<\/p>\n<p><a href=\"\"><\/p>\n<p><img decoding=\"async\" src=\"https:\/\/milanoportofino.com\/wp-content\/uploads\/2024\/03\/0324-MD.jpg\" \/><\/p>\n<p>Auto<\/p>\n<p><\/a><br \/>\n\t\t\t\t\t\tAuto<\/p>\n<p><a href=\"\"><\/p>\n<p><img decoding=\"async\" src=\"https:\/\/milanoportofino.com\/wp-content\/uploads\/2024\/03\/0662-MD-e1710779774167.jpg\" \/><\/p>\n<p>Auto<\/p>\n<p><\/a><br \/>\n\t\t\t\t\t\tAuto<\/p>\n<p><a href=\"\"><\/p>\n<p><img decoding=\"async\" src=\"https:\/\/milanoportofino.com\/wp-content\/uploads\/2022\/12\/LPA5CD8531-9A6B-4168-BF80-B8949D6137FC-e1710779922238.png\" \/><\/p>\n<p>Velocit\u00e0<\/p>\n<p><\/a><br \/>\n\t\t\t\t\t\tVelocit\u00e0<\/p>\n<p>Contatti<br \/>\nPer informazioni e iscrizioni<\/p>\n<p>Tel.: +39 02 56 56 99 97<\/p>\n<p>OldCar 24, Via San Maurilio 20<br \/>\n20123 &#8211; Milano<\/p>\n<p><a href=\"mailto:eventi@oldcar24.com?subject=Informazioni%20evento%20Milano%20Portofino\">eventi@oldcar24.com<\/a><\/p>\n","protected":false},"excerpt":{"rendered":"<p class=\"excerpt\">Years0 Months0 Days0 Hrs0 Mins0 Secs0 PartenzaDal Quadrilatero della Moda Milano Date8-9-10 Maggio 2026 Tempus Fugit&#8230; Scaldate i Motori! ArrivoNel Salotto d&#8217;italia Portofino Un Evento Stellato! Alcune parole su quello che \u00e8 diventato un nuovo trend! OldCar24 in collaborazione con la Scuderia Montenpoleone &#8211; affiliata ACI Storico &#8211; \u00e8 lieta di annunciare ai Gentlemen Friends [&hellip;]<\/p>\n","protected":false},"author":1,"featured_media":0,"parent":0,"menu_order":0,"comment_status":"closed","ping_status":"open","template":"builder.php","meta":{"footnotes":""},"class_list":["post-26","page","type-page","status-publish","hentry"],"_links":{"self":[{"href":"https:\/\/milanoportofino.com\/index.php?rest_route=\/wp\/v2\/pages\/26","targetHints":{"allow":["GET"]}}],"collection":[{"href":"https:\/\/milanoportofino.com\/index.php?rest_route=\/wp\/v2\/pages"}],"about":[{"href":"https:\/\/milanoportofino.com\/index.php?rest_route=\/wp\/v2\/types\/page"}],"author":[{"embeddable":true,"href":"https:\/\/milanoportofino.com\/index.php?rest_route=\/wp\/v2\/users\/1"}],"replies":[{"embeddable":true,"href":"https:\/\/milanoportofino.com\/index.php?rest_route=%2Fwp%2Fv2%2Fcomments&post=26"}],"version-history":[{"count":333,"href":"https:\/\/milanoportofino.com\/index.php?rest_route=\/wp\/v2\/pages\/26\/revisions"}],"predecessor-version":[{"id":1327,"href":"https:\/\/milanoportofino.com\/index.php?rest_route=\/wp\/v2\/pages\/26\/revisions\/1327"}],"wp:attachment":[{"href":"https:\/\/milanoportofino.com\/index.php?rest_route=%2Fwp%2Fv2%2Fmedia&parent=26"}],"curies":[{"name":"wp","href":"https:\/\/api.w.org\/{rel}","templated":true}]}}